{"id":5042,"date":"2021-10-12T15:44:50","date_gmt":"2021-10-12T13:44:50","guid":{"rendered":"https:\/\/www.autoricambimorra.it\/sito\/?page_id=5042"},"modified":"2021-10-18T11:36:41","modified_gmt":"2021-10-18T09:36:41","slug":"programma-officine","status":"publish","type":"page","link":"https:\/\/www.autoricambimorra.it\/sito\/programma-officine\/","title":{"rendered":"Programma officine"},"content":{"rendered":"\t\t<div data-elementor-type=\"wp-page\" data-elementor-id=\"5042\" class=\"elementor elementor-5042\" data-elementor-post-type=\"page\">\n\t\t\t\t\t\t<section class=\"elementor-section elementor-top-section elementor-element elementor-element-9b7382d elementor-section-boxed elementor-section-height-default elementor-section-height-default\" data-id=\"9b7382d\" data-element_type=\"section\">\n\t\t\t\t\t\t<div class=\"elementor-container elementor-column-gap-default\">\n\t\t\t\t\t<div class=\"elementor-column elementor-col-100 elementor-top-column elementor-element elementor-element-0060961 ot-flex-column-vertical\" data-id=\"0060961\" data-element_type=\"column\">\n\t\t\t<div class=\"elementor-widget-wrap elementor-element-populated\">\n\t\t\t\t\t\t<div class=\"elementor-element elementor-element-01ed0d3 elementor-widget elementor-widget-spacer\" data-id=\"01ed0d3\" data-element_type=\"widget\" data-widget_type=\"spacer.default\">\n\t\t\t\t<div class=\"elementor-widget-container\">\n\t\t\t<style>\/*! elementor - v3.21.0 - 08-05-2024 *\/\n.elementor-column .elementor-spacer-inner{height:var(--spacer-size)}.e-con{--container-widget-width:100%}.e-con-inner>.elementor-widget-spacer,.e-con>.elementor-widget-spacer{width:var(--container-widget-width,var(--spacer-size));--align-self:var(--container-widget-align-self,initial);--flex-shrink:0}.e-con-inner>.elementor-widget-spacer>.elementor-widget-container,.e-con>.elementor-widget-spacer>.elementor-widget-container{height:100%;width:100%}.e-con-inner>.elementor-widget-spacer>.elementor-widget-container>.elementor-spacer,.e-con>.elementor-widget-spacer>.elementor-widget-container>.elementor-spacer{height:100%}.e-con-inner>.elementor-widget-spacer>.elementor-widget-container>.elementor-spacer>.elementor-spacer-inner,.e-con>.elementor-widget-spacer>.elementor-widget-container>.elementor-spacer>.elementor-spacer-inner{height:var(--container-widget-height,var(--spacer-size))}.e-con-inner>.elementor-widget-spacer.elementor-widget-empty,.e-con>.elementor-widget-spacer.elementor-widget-empty{position:relative;min-height:22px;min-width:22px}.e-con-inner>.elementor-widget-spacer.elementor-widget-empty .elementor-widget-empty-icon,.e-con>.elementor-widget-spacer.elementor-widget-empty .elementor-widget-empty-icon{position:absolute;top:0;bottom:0;left:0;right:0;margin:auto;padding:0;width:22px;height:22px}<\/style>\t\t<div class=\"elementor-spacer\">\n\t\t\t<div class=\"elementor-spacer-inner\"><\/div>\n\t\t<\/div>\n\t\t\t\t<\/div>\n\t\t\t\t<\/div>\n\t\t\t\t\t<\/div>\n\t\t<\/div>\n\t\t\t\t\t<\/div>\n\t\t<\/section>\n\t\t\t\t<section class=\"elementor-section elementor-top-section elementor-element elementor-element-94c7e9c elementor-section-boxed elementor-section-height-default elementor-section-height-default\" data-id=\"94c7e9c\" data-element_type=\"section\">\n\t\t\t\t\t\t<div class=\"elementor-container elementor-column-gap-default\">\n\t\t\t\t\t<div class=\"elementor-column elementor-col-100 elementor-top-column elementor-element elementor-element-50e93b6 ot-flex-column-vertical\" data-id=\"50e93b6\" data-element_type=\"column\">\n\t\t\t<div class=\"elementor-widget-wrap elementor-element-populated\">\n\t\t\t\t\t\t<div class=\"elementor-element elementor-element-9fea2cb elementor-widget elementor-widget-spacer\" data-id=\"9fea2cb\" data-element_type=\"widget\" data-widget_type=\"spacer.default\">\n\t\t\t\t<div class=\"elementor-widget-container\">\n\t\t\t\t\t<div class=\"elementor-spacer\">\n\t\t\t<div class=\"elementor-spacer-inner\"><\/div>\n\t\t<\/div>\n\t\t\t\t<\/div>\n\t\t\t\t<\/div>\n\t\t\t\t\t<\/div>\n\t\t<\/div>\n\t\t\t\t\t<\/div>\n\t\t<\/section>\n\t\t\t\t<section class=\"elementor-section elementor-top-section elementor-element elementor-element-70252f7 elementor-section-boxed elementor-section-height-default elementor-section-height-default\" data-id=\"70252f7\" data-element_type=\"section\">\n\t\t\t\t\t\t<div class=\"elementor-container elementor-column-gap-default\">\n\t\t\t\t\t<div class=\"elementor-column elementor-col-50 elementor-top-column elementor-element elementor-element-c7495e5 ot-flex-column-vertical\" data-id=\"c7495e5\" data-element_type=\"column\">\n\t\t\t<div class=\"elementor-widget-wrap elementor-element-populated\">\n\t\t\t\t\t\t<div class=\"elementor-element elementor-element-dc18bd7 elementor-widget elementor-widget-image\" data-id=\"dc18bd7\" data-element_type=\"widget\" data-widget_type=\"image.default\">\n\t\t\t\t<div class=\"elementor-widget-container\">\n\t\t\t<style>\/*! elementor - v3.21.0 - 08-05-2024 *\/\n.elementor-widget-image{text-align:center}.elementor-widget-image a{display:inline-block}.elementor-widget-image a img[src$=\".svg\"]{width:48px}.elementor-widget-image img{vertical-align:middle;display:inline-block}<\/style>\t\t\t\t\t\t\t\t\t\t<img fetchpriority=\"high\" decoding=\"async\" width=\"600\" height=\"593\" src=\"https:\/\/www.autoricambimorra.it\/sito\/wp-content\/uploads\/2021\/10\/imgD.jpg\" class=\"attachment-large size-large wp-image-5044\" alt=\"\" srcset=\"https:\/\/www.autoricambimorra.it\/sito\/wp-content\/uploads\/2021\/10\/imgD.jpg 600w, https:\/\/www.autoricambimorra.it\/sito\/wp-content\/uploads\/2021\/10\/imgD-300x297.jpg 300w\" sizes=\"(max-width: 600px) 100vw, 600px\" \/>\t\t\t\t\t\t\t\t\t\t\t\t\t<\/div>\n\t\t\t\t<\/div>\n\t\t\t\t\t<\/div>\n\t\t<\/div>\n\t\t\t\t<div class=\"elementor-column elementor-col-50 elementor-top-column elementor-element elementor-element-a0fb9e2 ot-flex-column-vertical\" data-id=\"a0fb9e2\" data-element_type=\"column\">\n\t\t\t<div class=\"elementor-widget-wrap elementor-element-populated\">\n\t\t\t\t\t\t<div class=\"elementor-element elementor-element-c549777 elementor-widget elementor-widget-text-editor\" data-id=\"c549777\" data-element_type=\"widget\" data-widget_type=\"text-editor.default\">\n\t\t\t\t<div class=\"elementor-widget-container\">\n\t\t\t<style>\/*! elementor - v3.21.0 - 08-05-2024 *\/\n.elementor-widget-text-editor.elementor-drop-cap-view-stacked .elementor-drop-cap{background-color:#69727d;color:#fff}.elementor-widget-text-editor.elementor-drop-cap-view-framed .elementor-drop-cap{color:#69727d;border:3px solid;background-color:transparent}.elementor-widget-text-editor:not(.elementor-drop-cap-view-default) .elementor-drop-cap{margin-top:8px}.elementor-widget-text-editor:not(.elementor-drop-cap-view-default) .elementor-drop-cap-letter{width:1em;height:1em}.elementor-widget-text-editor .elementor-drop-cap{float:left;text-align:center;line-height:1;font-size:50px}.elementor-widget-text-editor .elementor-drop-cap-letter{display:inline-block}<\/style>\t\t\t\t<h4>Abbiamo pensato alle officine e alle loro necessit\u00e0 specifiche e quindi abbiamo creato un programma preciso.<br \/><br \/>Un programma di servizi tra i pi\u00f9 completi del mercato che risponde in maniera concreta alle necessit\u00e0 sia tecniche che gestionali delle officine.<br \/><br \/>I servizi sono progettati e finalizzati interamente dallo staff Groupauto rendendoli cos\u00ec esclusivi, innovativi ed integrati nella strategia commerciale delle reti officine.<\/h4>\t\t\t\t\t\t<\/div>\n\t\t\t\t<\/div>\n\t\t\t\t\t<\/div>\n\t\t<\/div>\n\t\t\t\t\t<\/div>\n\t\t<\/section>\n\t\t\t\t<section class=\"elementor-section elementor-top-section elementor-element elementor-element-1200afa elementor-section-boxed elementor-section-height-default elementor-section-height-default\" data-id=\"1200afa\" data-element_type=\"section\">\n\t\t\t\t\t\t<div class=\"elementor-container elementor-column-gap-default\">\n\t\t\t\t\t<div class=\"elementor-column elementor-col-100 elementor-top-column elementor-element elementor-element-6977d5f ot-flex-column-vertical\" data-id=\"6977d5f\" data-element_type=\"column\">\n\t\t\t<div class=\"elementor-widget-wrap elementor-element-populated\">\n\t\t\t\t\t\t<div class=\"elementor-element elementor-element-8686f2b elementor-widget elementor-widget-spacer\" data-id=\"8686f2b\" data-element_type=\"widget\" data-widget_type=\"spacer.default\">\n\t\t\t\t<div class=\"elementor-widget-container\">\n\t\t\t\t\t<div class=\"elementor-spacer\">\n\t\t\t<div class=\"elementor-spacer-inner\"><\/div>\n\t\t<\/div>\n\t\t\t\t<\/div>\n\t\t\t\t<\/div>\n\t\t\t\t\t<\/div>\n\t\t<\/div>\n\t\t\t\t\t<\/div>\n\t\t<\/section>\n\t\t\t\t<section class=\"elementor-section elementor-top-section elementor-element elementor-element-ea73aae elementor-section-boxed elementor-section-height-default elementor-section-height-default\" data-id=\"ea73aae\" data-element_type=\"section\">\n\t\t\t\t\t\t<div class=\"elementor-container elementor-column-gap-default\">\n\t\t\t\t\t<div class=\"elementor-column elementor-col-50 elementor-top-column elementor-element elementor-element-5f3d7dd ot-flex-column-vertical\" data-id=\"5f3d7dd\" data-element_type=\"column\">\n\t\t\t<div class=\"elementor-widget-wrap elementor-element-populated\">\n\t\t\t\t\t\t<div class=\"elementor-element elementor-element-e99de82 elementor-widget elementor-widget-text-editor\" data-id=\"e99de82\" data-element_type=\"widget\" data-widget_type=\"text-editor.default\">\n\t\t\t\t<div class=\"elementor-widget-container\">\n\t\t\t\t\t\t\t<h5><strong>PUNTOPRO<\/strong><\/h5><h5><span class=\"dropcap\">L&#8217;<\/span>importanza dei nostri Network Network internazionale del circuito Eurogarage dedicato alle officine indipendenti proiettate a svilupparsi sotto il profilo tecnico professionale e nella gestione del cliente puntando sull\u2019immagine, sui servizi e le flotte aziendali.<\/h5>\t\t\t\t\t\t<\/div>\n\t\t\t\t<\/div>\n\t\t\t\t\t<\/div>\n\t\t<\/div>\n\t\t\t\t<div class=\"elementor-column elementor-col-50 elementor-top-column elementor-element elementor-element-29bba33 ot-flex-column-vertical\" data-id=\"29bba33\" data-element_type=\"column\">\n\t\t\t<div class=\"elementor-widget-wrap elementor-element-populated\">\n\t\t\t\t\t\t<div class=\"elementor-element elementor-element-d7538d4 elementor-widget elementor-widget-image\" data-id=\"d7538d4\" data-element_type=\"widget\" data-widget_type=\"image.default\">\n\t\t\t\t<div class=\"elementor-widget-container\">\n\t\t\t\t\t\t\t\t\t\t\t\t\t<img decoding=\"async\" width=\"600\" height=\"192\" src=\"https:\/\/www.autoricambimorra.it\/sito\/wp-content\/uploads\/2021\/10\/imgE.jpg\" class=\"attachment-large size-large wp-image-5045\" alt=\"\" srcset=\"https:\/\/www.autoricambimorra.it\/sito\/wp-content\/uploads\/2021\/10\/imgE.jpg 600w, https:\/\/www.autoricambimorra.it\/sito\/wp-content\/uploads\/2021\/10\/imgE-300x96.jpg 300w\" sizes=\"(max-width: 600px) 100vw, 600px\" \/>\t\t\t\t\t\t\t\t\t\t\t\t\t<\/div>\n\t\t\t\t<\/div>\n\t\t\t\t\t<\/div>\n\t\t<\/div>\n\t\t\t\t\t<\/div>\n\t\t<\/section>\n\t\t\t\t<section class=\"elementor-section elementor-top-section elementor-element elementor-element-8dcc4e5 elementor-section-boxed elementor-section-height-default elementor-section-height-default\" data-id=\"8dcc4e5\" data-element_type=\"section\">\n\t\t\t\t\t\t<div class=\"elementor-container elementor-column-gap-default\">\n\t\t\t\t\t<div class=\"elementor-column elementor-col-100 elementor-top-column elementor-element elementor-element-8da5c7d ot-flex-column-vertical\" data-id=\"8da5c7d\" data-element_type=\"column\">\n\t\t\t<div class=\"elementor-widget-wrap elementor-element-populated\">\n\t\t\t\t\t\t<div class=\"elementor-element elementor-element-80fd770 elementor-widget elementor-widget-spacer\" data-id=\"80fd770\" data-element_type=\"widget\" data-widget_type=\"spacer.default\">\n\t\t\t\t<div class=\"elementor-widget-container\">\n\t\t\t\t\t<div class=\"elementor-spacer\">\n\t\t\t<div class=\"elementor-spacer-inner\"><\/div>\n\t\t<\/div>\n\t\t\t\t<\/div>\n\t\t\t\t<\/div>\n\t\t\t\t\t<\/div>\n\t\t<\/div>\n\t\t\t\t\t<\/div>\n\t\t<\/section>\n\t\t\t\t<section class=\"elementor-section elementor-top-section elementor-element elementor-element-a92f792 elementor-section-boxed elementor-section-height-default elementor-section-height-default\" data-id=\"a92f792\" data-element_type=\"section\">\n\t\t\t\t\t\t<div class=\"elementor-container elementor-column-gap-default\">\n\t\t\t\t\t<div class=\"elementor-column elementor-col-50 elementor-top-column elementor-element elementor-element-878cd8f ot-flex-column-vertical\" data-id=\"878cd8f\" data-element_type=\"column\">\n\t\t\t<div class=\"elementor-widget-wrap elementor-element-populated\">\n\t\t\t\t\t\t<div class=\"elementor-element elementor-element-c6cb2bd elementor-widget elementor-widget-text-editor\" data-id=\"c6cb2bd\" data-element_type=\"widget\" data-widget_type=\"text-editor.default\">\n\t\t\t\t<div class=\"elementor-widget-container\">\n\t\t\t\t\t\t\t<h5><strong>MULTIMARCA<\/strong><\/h5><h5><span class=\"dropcap\">U<\/span>n programma di specializzazione innovativo dedicato alle officine autorizzate che si pone come supporto a 360\u00b0 all\u2019attivit\u00e0 multimarca con servizi gestionali, di marketing e di competenza tecnica.<\/h5>\t\t\t\t\t\t<\/div>\n\t\t\t\t<\/div>\n\t\t\t\t\t<\/div>\n\t\t<\/div>\n\t\t\t\t<div class=\"elementor-column elementor-col-50 elementor-top-column elementor-element elementor-element-fff9c37 ot-flex-column-vertical\" data-id=\"fff9c37\" data-element_type=\"column\">\n\t\t\t<div class=\"elementor-widget-wrap elementor-element-populated\">\n\t\t\t\t\t\t<div class=\"elementor-element elementor-element-b0e0831 elementor-widget elementor-widget-image\" data-id=\"b0e0831\" data-element_type=\"widget\" data-widget_type=\"image.default\">\n\t\t\t\t<div class=\"elementor-widget-container\">\n\t\t\t\t\t\t\t\t\t\t\t\t\t<img decoding=\"async\" width=\"600\" height=\"148\" src=\"https:\/\/www.autoricambimorra.it\/sito\/wp-content\/uploads\/2021\/10\/imgF.jpg\" class=\"attachment-large size-large wp-image-5046\" alt=\"\" srcset=\"https:\/\/www.autoricambimorra.it\/sito\/wp-content\/uploads\/2021\/10\/imgF.jpg 600w, https:\/\/www.autoricambimorra.it\/sito\/wp-content\/uploads\/2021\/10\/imgF-300x74.jpg 300w\" sizes=\"(max-width: 600px) 100vw, 600px\" \/>\t\t\t\t\t\t\t\t\t\t\t\t\t<\/div>\n\t\t\t\t<\/div>\n\t\t\t\t\t<\/div>\n\t\t<\/div>\n\t\t\t\t\t<\/div>\n\t\t<\/section>\n\t\t\t\t<section class=\"elementor-section elementor-top-section elementor-element elementor-element-0d1a480 elementor-section-boxed elementor-section-height-default elementor-section-height-default\" data-id=\"0d1a480\" data-element_type=\"section\">\n\t\t\t\t\t\t<div class=\"elementor-container elementor-column-gap-default\">\n\t\t\t\t\t<div class=\"elementor-column elementor-col-100 elementor-top-column elementor-element elementor-element-b8fa0c6 ot-flex-column-vertical\" data-id=\"b8fa0c6\" data-element_type=\"column\">\n\t\t\t<div class=\"elementor-widget-wrap elementor-element-populated\">\n\t\t\t\t\t\t<div class=\"elementor-element elementor-element-5aaaf9d elementor-widget elementor-widget-spacer\" data-id=\"5aaaf9d\" data-element_type=\"widget\" data-widget_type=\"spacer.default\">\n\t\t\t\t<div class=\"elementor-widget-container\">\n\t\t\t\t\t<div class=\"elementor-spacer\">\n\t\t\t<div class=\"elementor-spacer-inner\"><\/div>\n\t\t<\/div>\n\t\t\t\t<\/div>\n\t\t\t\t<\/div>\n\t\t\t\t\t<\/div>\n\t\t<\/div>\n\t\t\t\t\t<\/div>\n\t\t<\/section>\n\t\t\t\t<section class=\"elementor-section elementor-top-section elementor-element elementor-element-58c4d0a elementor-section-boxed elementor-section-height-default elementor-section-height-default\" data-id=\"58c4d0a\" data-element_type=\"section\">\n\t\t\t\t\t\t<div class=\"elementor-container elementor-column-gap-default\">\n\t\t\t\t\t<div class=\"elementor-column elementor-col-50 elementor-top-column elementor-element elementor-element-c352c44 ot-flex-column-vertical\" data-id=\"c352c44\" data-element_type=\"column\">\n\t\t\t<div class=\"elementor-widget-wrap elementor-element-populated\">\n\t\t\t\t\t\t<div class=\"elementor-element elementor-element-7a6ab5c elementor-widget elementor-widget-text-editor\" data-id=\"7a6ab5c\" data-element_type=\"widget\" data-widget_type=\"text-editor.default\">\n\t\t\t\t<div class=\"elementor-widget-container\">\n\t\t\t\t\t\t\t<h5><strong>AUTOCHECK-UP<\/strong><\/h5><h5><span class=\"dropcap\">U<\/span>n programma dedicato alle officine che hanno, come principale obiettivo, lo sviluppo dell&#8217;aspetto tecnico e gestionale.<\/h5>\t\t\t\t\t\t<\/div>\n\t\t\t\t<\/div>\n\t\t\t\t\t<\/div>\n\t\t<\/div>\n\t\t\t\t<div class=\"elementor-column elementor-col-50 elementor-top-column elementor-element elementor-element-7c25118 ot-flex-column-vertical\" data-id=\"7c25118\" data-element_type=\"column\">\n\t\t\t<div class=\"elementor-widget-wrap elementor-element-populated\">\n\t\t\t\t\t\t<div class=\"elementor-element elementor-element-abd6095 elementor-widget elementor-widget-image\" data-id=\"abd6095\" data-element_type=\"widget\" data-widget_type=\"image.default\">\n\t\t\t\t<div class=\"elementor-widget-container\">\n\t\t\t\t\t\t\t\t\t\t\t\t\t<img loading=\"lazy\" decoding=\"async\" width=\"600\" height=\"149\" src=\"https:\/\/www.autoricambimorra.it\/sito\/wp-content\/uploads\/2021\/10\/imgG.jpg\" class=\"attachment-large size-large wp-image-5047\" alt=\"\" srcset=\"https:\/\/www.autoricambimorra.it\/sito\/wp-content\/uploads\/2021\/10\/imgG.jpg 600w, https:\/\/www.autoricambimorra.it\/sito\/wp-content\/uploads\/2021\/10\/imgG-300x75.jpg 300w\" sizes=\"(max-width: 600px) 100vw, 600px\" \/>\t\t\t\t\t\t\t\t\t\t\t\t\t<\/div>\n\t\t\t\t<\/div>\n\t\t\t\t\t<\/div>\n\t\t<\/div>\n\t\t\t\t\t<\/div>\n\t\t<\/section>\n\t\t\t\t<section class=\"elementor-section elementor-top-section elementor-element elementor-element-425e4bb elementor-section-boxed elementor-section-height-default elementor-section-height-default\" data-id=\"425e4bb\" data-element_type=\"section\">\n\t\t\t\t\t\t<div class=\"elementor-container elementor-column-gap-default\">\n\t\t\t\t\t<div class=\"elementor-column elementor-col-100 elementor-top-column elementor-element elementor-element-f94afd9 ot-flex-column-vertical\" data-id=\"f94afd9\" data-element_type=\"column\">\n\t\t\t<div class=\"elementor-widget-wrap elementor-element-populated\">\n\t\t\t\t\t\t<div class=\"elementor-element elementor-element-a720e83 elementor-widget elementor-widget-spacer\" data-id=\"a720e83\" data-element_type=\"widget\" data-widget_type=\"spacer.default\">\n\t\t\t\t<div class=\"elementor-widget-container\">\n\t\t\t\t\t<div class=\"elementor-spacer\">\n\t\t\t<div class=\"elementor-spacer-inner\"><\/div>\n\t\t<\/div>\n\t\t\t\t<\/div>\n\t\t\t\t<\/div>\n\t\t\t\t\t<\/div>\n\t\t<\/div>\n\t\t\t\t\t<\/div>\n\t\t<\/section>\n\t\t\t\t<\/div>\n\t\t","protected":false},"excerpt":{"rendered":"<p>Abbiamo pensato alle officine e alle loro necessit\u00e0 specifiche e quindi abbiamo creato un programma preciso. Un programma di servizi tra i pi\u00f9 completi del mercato che risponde in maniera concreta alle necessit\u00e0 sia tecniche che gestionali delle officine. I servizi sono progettati e finalizzati interamente dallo staff Groupauto rendendoli cos\u00ec esclusivi, innovativi ed integrati [&hellip;]<\/p>\n","protected":false},"author":1,"featured_media":0,"parent":0,"menu_order":0,"comment_status":"closed","ping_status":"closed","template":"","meta":{"footnotes":""},"class_list":["post-5042","page","type-page","status-publish","hentry"],"_links":{"self":[{"href":"https:\/\/www.autoricambimorra.it\/sito\/wp-json\/wp\/v2\/pages\/5042","targetHints":{"allow":["GET"]}}],"collection":[{"href":"https:\/\/www.autoricambimorra.it\/sito\/wp-json\/wp\/v2\/pages"}],"about":[{"href":"https:\/\/www.autoricambimorra.it\/sito\/wp-json\/wp\/v2\/types\/page"}],"author":[{"embeddable":true,"href":"https:\/\/www.autoricambimorra.it\/sito\/wp-json\/wp\/v2\/users\/1"}],"replies":[{"embeddable":true,"href":"https:\/\/www.autoricambimorra.it\/sito\/wp-json\/wp\/v2\/comments?post=5042"}],"version-history":[{"count":30,"href":"https:\/\/www.autoricambimorra.it\/sito\/wp-json\/wp\/v2\/pages\/5042\/revisions"}],"predecessor-version":[{"id":5261,"href":"https:\/\/www.autoricambimorra.it\/sito\/wp-json\/wp\/v2\/pages\/5042\/revisions\/5261"}],"wp:attachment":[{"href":"https:\/\/www.autoricambimorra.it\/sito\/wp-json\/wp\/v2\/media?parent=5042"}],"curies":[{"name":"wp","href":"https:\/\/api.w.org\/{rel}","templated":true}]}}